{"id":717,"date":"2024-02-28T14:36:19","date_gmt":"2024-02-28T17:36:19","guid":{"rendered":"https:\/\/proximospassos.com.br\/?page_id=717"},"modified":"2024-03-14T15:56:29","modified_gmt":"2024-03-14T18:56:29","slug":"clientes","status":"publish","type":"page","link":"https:\/\/proximospassos.com.br\/?page_id=717","title":{"rendered":"Clientes"},"content":{"rendered":"\t\t<div data-elementor-type=\"wp-page\" data-elementor-id=\"717\" class=\"elementor elementor-717\" data-elementor-post-type=\"page\">\n\t\t\t\t<div data-particle_enable=\"false\" data-particle-mobile-disabled=\"false\" class=\"elementor-element elementor-element-4913a07f e-flex e-con-boxed e-con e-parent\" data-id=\"4913a07f\" data-element_type=\"container\" data-settings=\"{&quot;background_background&quot;:&quot;classic&quot;,&quot;shape_divider_bottom&quot;:&quot;book&quot;}\">\n\t\t\t\t\t<div class=\"e-con-inner\">\n\t\t\t\t<div class=\"elementor-shape elementor-shape-bottom\" data-negative=\"false\">\n\t\t\t<svg xmlns=\"http:\/\/www.w3.org\/2000\/svg\" viewBox=\"0 0 1000 100\" preserveAspectRatio=\"none\">\n\t<path class=\"elementor-shape-fill\" d=\"M194,99c186.7,0.7,305-78.3,306-97.2c1,18.9,119.3,97.9,306,97.2c114.3-0.3,194,0.3,194,0.3s0-91.7,0-100c0,0,0,0,0-0 L0,0v99.3C0,99.3,79.7,98.7,194,99z\"\/>\n<\/svg>\t\t<\/div>\n\t\t<div data-particle_enable=\"false\" data-particle-mobile-disabled=\"false\" class=\"elementor-element elementor-element-7688c585 e-con-full e-flex elementor-invisible e-con e-child\" data-id=\"7688c585\" data-element_type=\"container\" data-settings=\"{&quot;animation&quot;:&quot;fadeIn&quot;}\">\n\t\t\t\t<div class=\"elementor-element elementor-element-13d527f elementor-widget__width-initial premium-header-inline elementor-widget elementor-widget-premium-addon-dual-header\" data-id=\"13d527f\" data-element_type=\"widget\" data-widget_type=\"premium-addon-dual-header.default\">\n\t\t\t\t<div class=\"elementor-widget-container\">\n\t\t\t\t\t\r\n\t\t\t\t\t<h2 class=\"premium-dual-header-first-header \"><span class=\"premium-dual-header-first-span\">Trabalhos editoriais <\/span><span class=\"premium-dual-header-second-header \">para empresas relevantes<\/span><\/h2> \t\t\r\n\t\t\t\t\t\t<\/div>\n\t\t\t\t<\/div>\n\t\t\t\t<div class=\"elementor-element elementor-element-96df1a0 elementor-widget elementor-widget-text-editor\" data-id=\"96df1a0\" data-element_type=\"widget\" data-widget_type=\"text-editor.default\">\n\t\t\t\t<div class=\"elementor-widget-container\">\n\t\t\t\t\t\t\t\t\t<p>Elevando Marcas e Autores com Estrat\u00e9gias de Marketing Digital e Publica\u00e7\u00e3o de Livros<\/p>\t\t\t\t\t\t\t\t<\/div>\n\t\t\t\t<\/div>\n\t\t\t\t<\/div>\n\t\t<div data-particle_enable=\"false\" data-particle-mobile-disabled=\"false\" class=\"elementor-element elementor-element-29cfb210 e-con-full e-flex e-con e-child\" data-id=\"29cfb210\" data-element_type=\"container\">\n\t\t\t\t<div class=\"elementor-element elementor-element-2f5bcce5 elementor-widget__width-initial elementor-align-center elementor-invisible elementor-widget elementor-widget-lottie\" data-id=\"2f5bcce5\" data-element_type=\"widget\" data-settings=\"{&quot;source&quot;:&quot;external_url&quot;,&quot;source_external_url&quot;:{&quot;url&quot;:&quot;https:\\\/\\\/lottie.host\\\/d6d777b3-8c3f-4479-bed3-5472f4e98d96\\\/pcUVlbmM1G.json&quot;,&quot;is_external&quot;:&quot;&quot;,&quot;nofollow&quot;:&quot;&quot;,&quot;custom_attributes&quot;:&quot;&quot;},&quot;loop&quot;:&quot;yes&quot;,&quot;play_speed&quot;:{&quot;unit&quot;:&quot;px&quot;,&quot;size&quot;:0.5,&quot;sizes&quot;:[]},&quot;_animation&quot;:&quot;fadeInRight&quot;,&quot;link_to&quot;:&quot;none&quot;,&quot;trigger&quot;:&quot;arriving_to_viewport&quot;,&quot;viewport&quot;:{&quot;unit&quot;:&quot;%&quot;,&quot;size&quot;:&quot;&quot;,&quot;sizes&quot;:{&quot;start&quot;:0,&quot;end&quot;:100}},&quot;start_point&quot;:{&quot;unit&quot;:&quot;%&quot;,&quot;size&quot;:0,&quot;sizes&quot;:[]},&quot;end_point&quot;:{&quot;unit&quot;:&quot;%&quot;,&quot;size&quot;:100,&quot;sizes&quot;:[]},&quot;renderer&quot;:&quot;svg&quot;}\" data-widget_type=\"lottie.default\">\n\t\t\t\t<div class=\"elementor-widget-container\">\n\t\t\t\t\t<div class=\"e-lottie__container\"><div class=\"e-lottie__animation\"><\/div><\/div>\t\t\t\t<\/div>\n\t\t\t\t<\/div>\n\t\t\t\t<\/div>\n\t\t\t\t\t<\/div>\n\t\t\t\t<\/div>\n\t\t<div data-particle_enable=\"false\" data-particle-mobile-disabled=\"false\" class=\"elementor-element elementor-element-2634cb7 e-flex e-con-boxed e-con e-parent\" data-id=\"2634cb7\" data-element_type=\"container\" data-settings=\"{&quot;background_background&quot;:&quot;classic&quot;}\">\n\t\t\t\t\t<div class=\"e-con-inner\">\n\t\t<div data-particle_enable=\"false\" data-particle-mobile-disabled=\"false\" class=\"elementor-element elementor-element-e6c3e78 e-flex e-con-boxed e-con e-child\" data-id=\"e6c3e78\" data-element_type=\"container\">\n\t\t\t\t\t<div class=\"e-con-inner\">\n\t\t\t\t<div class=\"elementor-element elementor-element-212068e elementor-widget elementor-widget-heading\" data-id=\"212068e\" data-element_type=\"widget\" data-widget_type=\"heading.default\">\n\t\t\t\t<div class=\"elementor-widget-container\">\n\t\t\t\t\t<h2 class=\"elementor-heading-title elementor-size-default\">Algumas empresas que confiam no nosso trabalho<\/h2>\t\t\t\t<\/div>\n\t\t\t\t<\/div>\n\t\t\t\t\t<\/div>\n\t\t\t\t<\/div>\n\t\t<div data-particle_enable=\"false\" data-particle-mobile-disabled=\"false\" class=\"elementor-element elementor-element-1adc49b e-con-full e-flex e-con e-child\" data-id=\"1adc49b\" data-element_type=\"container\">\n\t\t\t\t<div class=\"elementor-element elementor-element-5dc5109 elementor-widget elementor-widget-image\" data-id=\"5dc5109\" data-element_type=\"widget\" data-widget_type=\"image.default\">\n\t\t\t\t<div class=\"elementor-widget-container\">\n\t\t\t\t\t\t\t\t\t\t\t\t\t\t\t<img fetchpriority=\"high\" decoding=\"async\" width=\"500\" height=\"282\" src=\"https:\/\/proximospassos.com.br\/wp-content\/uploads\/2024\/03\/2.png\" class=\"attachment-large size-large wp-image-1188\" alt=\"\" srcset=\"https:\/\/proximospassos.com.br\/wp-content\/uploads\/2024\/03\/2.png 500w, https:\/\/proximospassos.com.br\/wp-content\/uploads\/2024\/03\/2-300x169.png 300w, https:\/\/proximospassos.com.br\/wp-content\/uploads\/2024\/03\/2-150x85.png 150w\" sizes=\"(max-width: 500px) 100vw, 500px\" \/>\t\t\t\t\t\t\t\t\t\t\t\t\t\t\t<\/div>\n\t\t\t\t<\/div>\n\t\t\t\t<\/div>\n\t\t<div data-particle_enable=\"false\" data-particle-mobile-disabled=\"false\" class=\"elementor-element elementor-element-9627657 e-con-full e-flex e-con e-child\" data-id=\"9627657\" data-element_type=\"container\">\n\t\t\t\t<div class=\"elementor-element elementor-element-cef7fe0 elementor-widget elementor-widget-image\" data-id=\"cef7fe0\" data-element_type=\"widget\" data-widget_type=\"image.default\">\n\t\t\t\t<div class=\"elementor-widget-container\">\n\t\t\t\t\t\t\t\t\t\t\t\t\t\t\t<img decoding=\"async\" width=\"500\" height=\"282\" src=\"https:\/\/proximospassos.com.br\/wp-content\/uploads\/2024\/03\/6.png\" class=\"attachment-large size-large wp-image-1196\" alt=\"\" srcset=\"https:\/\/proximospassos.com.br\/wp-content\/uploads\/2024\/03\/6.png 500w, https:\/\/proximospassos.com.br\/wp-content\/uploads\/2024\/03\/6-300x169.png 300w, https:\/\/proximospassos.com.br\/wp-content\/uploads\/2024\/03\/6-150x85.png 150w\" sizes=\"(max-width: 500px) 100vw, 500px\" \/>\t\t\t\t\t\t\t\t\t\t\t\t\t\t\t<\/div>\n\t\t\t\t<\/div>\n\t\t\t\t<\/div>\n\t\t<div data-particle_enable=\"false\" data-particle-mobile-disabled=\"false\" class=\"elementor-element elementor-element-ba9d7e9 e-con-full e-flex e-con e-child\" data-id=\"ba9d7e9\" data-element_type=\"container\">\n\t\t\t\t<div class=\"elementor-element elementor-element-b5dc8d4 elementor-widget elementor-widget-image\" data-id=\"b5dc8d4\" data-element_type=\"widget\" data-widget_type=\"image.default\">\n\t\t\t\t<div class=\"elementor-widget-container\">\n\t\t\t\t\t\t\t\t\t\t\t\t\t\t\t<img decoding=\"async\" width=\"500\" height=\"282\" src=\"https:\/\/proximospassos.com.br\/wp-content\/uploads\/2024\/03\/1-1.png\" class=\"attachment-large size-large wp-image-1193\" alt=\"\" srcset=\"https:\/\/proximospassos.com.br\/wp-content\/uploads\/2024\/03\/1-1.png 500w, https:\/\/proximospassos.com.br\/wp-content\/uploads\/2024\/03\/1-1-300x169.png 300w, https:\/\/proximospassos.com.br\/wp-content\/uploads\/2024\/03\/1-1-150x85.png 150w\" sizes=\"(max-width: 500px) 100vw, 500px\" \/>\t\t\t\t\t\t\t\t\t\t\t\t\t\t\t<\/div>\n\t\t\t\t<\/div>\n\t\t\t\t<\/div>\n\t\t<div data-particle_enable=\"false\" data-particle-mobile-disabled=\"false\" class=\"elementor-element elementor-element-f75fd7b e-con-full e-flex e-con e-child\" data-id=\"f75fd7b\" data-element_type=\"container\">\n\t\t\t\t<div class=\"elementor-element elementor-element-ce14461 elementor-widget elementor-widget-image\" data-id=\"ce14461\" data-element_type=\"widget\" data-widget_type=\"image.default\">\n\t\t\t\t<div class=\"elementor-widget-container\">\n\t\t\t\t\t\t\t\t\t\t\t\t\t\t\t<img loading=\"lazy\" decoding=\"async\" width=\"500\" height=\"282\" src=\"https:\/\/proximospassos.com.br\/wp-content\/uploads\/2024\/03\/8.png\" class=\"attachment-large size-large wp-image-1202\" alt=\"\" srcset=\"https:\/\/proximospassos.com.br\/wp-content\/uploads\/2024\/03\/8.png 500w, https:\/\/proximospassos.com.br\/wp-content\/uploads\/2024\/03\/8-300x169.png 300w, https:\/\/proximospassos.com.br\/wp-content\/uploads\/2024\/03\/8-150x85.png 150w\" sizes=\"(max-width: 500px) 100vw, 500px\" \/>\t\t\t\t\t\t\t\t\t\t\t\t\t\t\t<\/div>\n\t\t\t\t<\/div>\n\t\t\t\t<\/div>\n\t\t<div data-particle_enable=\"false\" data-particle-mobile-disabled=\"false\" class=\"elementor-element elementor-element-651bc5c e-con-full e-flex e-con e-child\" data-id=\"651bc5c\" data-element_type=\"container\">\n\t\t\t\t<div class=\"elementor-element elementor-element-f9d69b0 elementor-widget elementor-widget-image\" data-id=\"f9d69b0\" data-element_type=\"widget\" data-widget_type=\"image.default\">\n\t\t\t\t<div class=\"elementor-widget-container\">\n\t\t\t\t\t\t\t\t\t\t\t\t\t\t\t<img loading=\"lazy\" decoding=\"async\" width=\"500\" height=\"282\" src=\"https:\/\/proximospassos.com.br\/wp-content\/uploads\/2024\/03\/9.png\" class=\"attachment-large size-large wp-image-1203\" alt=\"\" srcset=\"https:\/\/proximospassos.com.br\/wp-content\/uploads\/2024\/03\/9.png 500w, https:\/\/proximospassos.com.br\/wp-content\/uploads\/2024\/03\/9-300x169.png 300w, https:\/\/proximospassos.com.br\/wp-content\/uploads\/2024\/03\/9-150x85.png 150w\" sizes=\"(max-width: 500px) 100vw, 500px\" \/>\t\t\t\t\t\t\t\t\t\t\t\t\t\t\t<\/div>\n\t\t\t\t<\/div>\n\t\t\t\t<\/div>\n\t\t<div data-particle_enable=\"false\" data-particle-mobile-disabled=\"false\" class=\"elementor-element elementor-element-a0b8034 e-con-full e-flex e-con e-child\" data-id=\"a0b8034\" data-element_type=\"container\">\n\t\t\t\t<div class=\"elementor-element elementor-element-acde2c3 elementor-widget elementor-widget-image\" data-id=\"acde2c3\" data-element_type=\"widget\" data-widget_type=\"image.default\">\n\t\t\t\t<div class=\"elementor-widget-container\">\n\t\t\t\t\t\t\t\t\t\t\t\t\t\t\t<img loading=\"lazy\" decoding=\"async\" width=\"500\" height=\"282\" src=\"https:\/\/proximospassos.com.br\/wp-content\/uploads\/2024\/03\/11.png\" class=\"attachment-large size-large wp-image-1204\" alt=\"\" srcset=\"https:\/\/proximospassos.com.br\/wp-content\/uploads\/2024\/03\/11.png 500w, https:\/\/proximospassos.com.br\/wp-content\/uploads\/2024\/03\/11-300x169.png 300w, https:\/\/proximospassos.com.br\/wp-content\/uploads\/2024\/03\/11-150x85.png 150w\" sizes=\"(max-width: 500px) 100vw, 500px\" \/>\t\t\t\t\t\t\t\t\t\t\t\t\t\t\t<\/div>\n\t\t\t\t<\/div>\n\t\t\t\t<\/div>\n\t\t<div data-particle_enable=\"false\" data-particle-mobile-disabled=\"false\" class=\"elementor-element elementor-element-3977353 e-con-full e-flex e-con e-child\" data-id=\"3977353\" data-element_type=\"container\">\n\t\t\t\t<div class=\"elementor-element elementor-element-bc8581d elementor-widget elementor-widget-image\" data-id=\"bc8581d\" data-element_type=\"widget\" data-widget_type=\"image.default\">\n\t\t\t\t<div class=\"elementor-widget-container\">\n\t\t\t\t\t\t\t\t\t\t\t\t\t\t\t<img loading=\"lazy\" decoding=\"async\" width=\"500\" height=\"282\" src=\"https:\/\/proximospassos.com.br\/wp-content\/uploads\/2024\/03\/14.png\" class=\"attachment-large size-large wp-image-1205\" alt=\"\" srcset=\"https:\/\/proximospassos.com.br\/wp-content\/uploads\/2024\/03\/14.png 500w, https:\/\/proximospassos.com.br\/wp-content\/uploads\/2024\/03\/14-300x169.png 300w, https:\/\/proximospassos.com.br\/wp-content\/uploads\/2024\/03\/14-150x85.png 150w\" sizes=\"(max-width: 500px) 100vw, 500px\" \/>\t\t\t\t\t\t\t\t\t\t\t\t\t\t\t<\/div>\n\t\t\t\t<\/div>\n\t\t\t\t<\/div>\n\t\t<div data-particle_enable=\"false\" data-particle-mobile-disabled=\"false\" class=\"elementor-element elementor-element-1e8465d e-con-full e-flex e-con e-child\" data-id=\"1e8465d\" data-element_type=\"container\">\n\t\t\t\t<div class=\"elementor-element elementor-element-18b358d elementor-widget elementor-widget-image\" data-id=\"18b358d\" data-element_type=\"widget\" data-widget_type=\"image.default\">\n\t\t\t\t<div class=\"elementor-widget-container\">\n\t\t\t\t\t\t\t\t\t\t\t\t\t\t\t<img loading=\"lazy\" decoding=\"async\" width=\"500\" height=\"282\" src=\"https:\/\/proximospassos.com.br\/wp-content\/uploads\/2024\/03\/15.png\" class=\"attachment-large size-large wp-image-1206\" alt=\"\" srcset=\"https:\/\/proximospassos.com.br\/wp-content\/uploads\/2024\/03\/15.png 500w, https:\/\/proximospassos.com.br\/wp-content\/uploads\/2024\/03\/15-300x169.png 300w, https:\/\/proximospassos.com.br\/wp-content\/uploads\/2024\/03\/15-150x85.png 150w\" sizes=\"(max-width: 500px) 100vw, 500px\" \/>\t\t\t\t\t\t\t\t\t\t\t\t\t\t\t<\/div>\n\t\t\t\t<\/div>\n\t\t\t\t<\/div>\n\t\t\t\t\t<\/div>\n\t\t\t\t<\/div>\n\t\t<div data-particle_enable=\"false\" data-particle-mobile-disabled=\"false\" class=\"elementor-element elementor-element-02bc7e3 e-flex e-con-boxed e-con e-parent\" data-id=\"02bc7e3\" data-element_type=\"container\" data-settings=\"{&quot;background_background&quot;:&quot;classic&quot;}\">\n\t\t\t\t\t<div class=\"e-con-inner\">\n\t\t<div data-particle_enable=\"false\" data-particle-mobile-disabled=\"false\" class=\"elementor-element elementor-element-4505bfc e-con-full e-flex e-con e-child\" data-id=\"4505bfc\" data-element_type=\"container\">\n\t\t\t\t<div class=\"elementor-element elementor-element-b01ff61 elementor-widget elementor-widget-heading\" data-id=\"b01ff61\" data-element_type=\"widget\" data-widget_type=\"heading.default\">\n\t\t\t\t<div class=\"elementor-widget-container\">\n\t\t\t\t\t<h2 class=\"elementor-heading-title elementor-size-default\">TIRE SUAS D\u00daVIDAS E FALE CONOSCO<\/h2>\t\t\t\t<\/div>\n\t\t\t\t<\/div>\n\t\t\t\t<\/div>\n\t\t<div data-particle_enable=\"false\" data-particle-mobile-disabled=\"false\" class=\"elementor-element elementor-element-c8fba26 e-con-full e-flex e-con e-child\" data-id=\"c8fba26\" data-element_type=\"container\">\n\t\t\t\t<div class=\"elementor-element elementor-element-c007baa elementor-align-right elementor-mobile-align-center elementor-widget elementor-widget-button\" data-id=\"c007baa\" data-element_type=\"widget\" data-widget_type=\"button.default\">\n\t\t\t\t<div class=\"elementor-widget-container\">\n\t\t\t\t\t\t\t\t\t<div class=\"elementor-button-wrapper\">\n\t\t\t\t\t<a class=\"elementor-button elementor-button-link elementor-size-sm elementor-animation-grow\" href=\"https:\/\/wa.me\/5519997318193?text=Qual%20\u00e9%20o%20caminho?\">\n\t\t\t\t\t\t<span class=\"elementor-button-content-wrapper\">\n\t\t\t\t\t\t<span class=\"elementor-button-icon\">\n\t\t\t\t<svg aria-hidden=\"true\" class=\"e-font-icon-svg e-fas-phone-volume\" viewBox=\"0 0 384 512\" xmlns=\"http:\/\/www.w3.org\/2000\/svg\"><path d=\"M97.333 506.966c-129.874-129.874-129.681-340.252 0-469.933 5.698-5.698 14.527-6.632 21.263-2.422l64.817 40.513a17.187 17.187 0 0 1 6.849 20.958l-32.408 81.021a17.188 17.188 0 0 1-17.669 10.719l-55.81-5.58c-21.051 58.261-20.612 122.471 0 179.515l55.811-5.581a17.188 17.188 0 0 1 17.669 10.719l32.408 81.022a17.188 17.188 0 0 1-6.849 20.958l-64.817 40.513a17.19 17.19 0 0 1-21.264-2.422zM247.126 95.473c11.832 20.047 11.832 45.008 0 65.055-3.95 6.693-13.108 7.959-18.718 2.581l-5.975-5.726c-3.911-3.748-4.793-9.622-2.261-14.41a32.063 32.063 0 0 0 0-29.945c-2.533-4.788-1.65-10.662 2.261-14.41l5.975-5.726c5.61-5.378 14.768-4.112 18.718 2.581zm91.787-91.187c60.14 71.604 60.092 175.882 0 247.428-4.474 5.327-12.53 5.746-17.552.933l-5.798-5.557c-4.56-4.371-4.977-11.529-.93-16.379 49.687-59.538 49.646-145.933 0-205.422-4.047-4.85-3.631-12.008.93-16.379l5.798-5.557c5.022-4.813 13.078-4.394 17.552.933zm-45.972 44.941c36.05 46.322 36.108 111.149 0 157.546-4.39 5.641-12.697 6.251-17.856 1.304l-5.818-5.579c-4.4-4.219-4.998-11.095-1.285-15.931 26.536-34.564 26.534-82.572 0-117.134-3.713-4.836-3.115-11.711 1.285-15.931l5.818-5.579c5.159-4.947 13.466-4.337 17.856 1.304z\"><\/path><\/svg>\t\t\t<\/span>\n\t\t\t\t\t\t\t\t\t<span class=\"elementor-button-text\">Fale Conosco<\/span>\n\t\t\t\t\t<\/span>\n\t\t\t\t\t<\/a>\n\t\t\t\t<\/div>\n\t\t\t\t\t\t\t\t<\/div>\n\t\t\t\t<\/div>\n\t\t\t\t<\/div>\n\t\t\t\t\t<\/div>\n\t\t\t\t<\/div>\n\t\t\t\t<\/div>\n\t\t","protected":false},"excerpt":{"rendered":"<p>Trabalhos editoriais para empresas relevantes Elevando Marcas e Autores com Estrat\u00e9gias de Marketing Digital e Publica\u00e7\u00e3o de Livros Algumas empresas que confiam no nosso trabalho TIRE SUAS D\u00daVIDAS E FALE CONOSCO Fale Conosco<\/p>\n","protected":false},"author":1,"featured_media":0,"parent":0,"menu_order":0,"comment_status":"closed","ping_status":"closed","template":"elementor_header_footer","meta":{"footnotes":""},"jetpack_sharing_enabled":true,"_links":{"self":[{"href":"https:\/\/proximospassos.com.br\/index.php?rest_route=\/wp\/v2\/pages\/717"}],"collection":[{"href":"https:\/\/proximospassos.com.br\/index.php?rest_route=\/wp\/v2\/pages"}],"about":[{"href":"https:\/\/proximospassos.com.br\/index.php?rest_route=\/wp\/v2\/types\/page"}],"author":[{"embeddable":true,"href":"https:\/\/proximospassos.com.br\/index.php?rest_route=\/wp\/v2\/users\/1"}],"replies":[{"embeddable":true,"href":"https:\/\/proximospassos.com.br\/index.php?rest_route=%2Fwp%2Fv2%2Fcomments&post=717"}],"version-history":[{"count":34,"href":"https:\/\/proximospassos.com.br\/index.php?rest_route=\/wp\/v2\/pages\/717\/revisions"}],"predecessor-version":[{"id":1219,"href":"https:\/\/proximospassos.com.br\/index.php?rest_route=\/wp\/v2\/pages\/717\/revisions\/1219"}],"wp:attachment":[{"href":"https:\/\/proximospassos.com.br\/index.php?rest_route=%2Fwp%2Fv2%2Fmedia&parent=717"}],"curies":[{"name":"wp","href":"https:\/\/api.w.org\/{rel}","templated":true}]}}