{"id":1174,"date":"2024-03-05T18:39:19","date_gmt":"2024-03-05T21:39:19","guid":{"rendered":"https:\/\/proximospassos.com.br\/?page_id=1174"},"modified":"2024-03-05T18:49:53","modified_gmt":"2024-03-05T21:49:53","slug":"blog-duplicate-1021","status":"publish","type":"page","link":"https:\/\/proximospassos.com.br\/?page_id=1174","title":{"rendered":"Blog"},"content":{"rendered":"\t\t<div data-elementor-type=\"wp-page\" data-elementor-id=\"1174\" class=\"elementor elementor-1174\" data-elementor-post-type=\"page\">\n\t\t\t\t<div data-particle_enable=\"false\" data-particle-mobile-disabled=\"false\" class=\"elementor-element elementor-element-b6c158b e-flex e-con-boxed e-con e-parent\" data-id=\"b6c158b\" data-element_type=\"container\">\n\t\t\t\t\t<div class=\"e-con-inner\">\n\t\t\t\t<div class=\"elementor-element elementor-element-a80f3cb elementor-grid-2 elementor-grid-tablet-2 elementor-grid-mobile-1 elementor-posts--thumbnail-top elementor-card-shadow-yes elementor-posts__hover-gradient elementor-widget elementor-widget-posts\" data-id=\"a80f3cb\" data-element_type=\"widget\" data-settings=\"{&quot;cards_columns&quot;:&quot;2&quot;,&quot;cards_row_gap&quot;:{&quot;unit&quot;:&quot;px&quot;,&quot;size&quot;:48,&quot;sizes&quot;:[]},&quot;pagination_type&quot;:&quot;numbers&quot;,&quot;cards_columns_tablet&quot;:&quot;2&quot;,&quot;cards_columns_mobile&quot;:&quot;1&quot;,&quot;cards_row_gap_tablet&quot;:{&quot;unit&quot;:&quot;px&quot;,&quot;size&quot;:&quot;&quot;,&quot;sizes&quot;:[]},&quot;cards_row_gap_mobile&quot;:{&quot;unit&quot;:&quot;px&quot;,&quot;size&quot;:&quot;&quot;,&quot;sizes&quot;:[]}}\" data-widget_type=\"posts.cards\">\n\t\t\t\t<div class=\"elementor-widget-container\">\n\t\t\t\t\t\t\t<div class=\"elementor-posts-container elementor-posts elementor-posts--skin-cards elementor-grid\">\n\t\t\t\t<article class=\"elementor-post elementor-grid-item post-1078 post type-post status-publish format-standard has-post-thumbnail hentry category-blog\">\n\t\t\t<div class=\"elementor-post__card\">\n\t\t\t\t<a class=\"elementor-post__thumbnail__link\" href=\"https:\/\/proximospassos.com.br\/?p=1078\" tabindex=\"-1\" ><div class=\"elementor-post__thumbnail\"><img fetchpriority=\"high\" decoding=\"async\" width=\"768\" height=\"530\" src=\"https:\/\/proximospassos.com.br\/wp-content\/uploads\/2024\/03\/high-angle-man-holding-notebook-768x530.jpg\" class=\"attachment-medium_large size-medium_large wp-image-1101\" alt=\"\" srcset=\"https:\/\/proximospassos.com.br\/wp-content\/uploads\/2024\/03\/high-angle-man-holding-notebook-768x530.jpg 768w, https:\/\/proximospassos.com.br\/wp-content\/uploads\/2024\/03\/high-angle-man-holding-notebook-300x207.jpg 300w, https:\/\/proximospassos.com.br\/wp-content\/uploads\/2024\/03\/high-angle-man-holding-notebook-1024x707.jpg 1024w, https:\/\/proximospassos.com.br\/wp-content\/uploads\/2024\/03\/high-angle-man-holding-notebook-1536x1061.jpg 1536w, https:\/\/proximospassos.com.br\/wp-content\/uploads\/2024\/03\/high-angle-man-holding-notebook-2048x1414.jpg 2048w, https:\/\/proximospassos.com.br\/wp-content\/uploads\/2024\/03\/high-angle-man-holding-notebook-600x414.jpg 600w\" sizes=\"(max-width: 768px) 100vw, 768px\" \/><\/div><\/a>\n\t\t\t\t<div class=\"elementor-post__text\">\n\t\t\t\t<h3 class=\"elementor-post__title\">\n\t\t\t<a href=\"https:\/\/proximospassos.com.br\/?p=1078\" >\n\t\t\t\tRevis\u00e3o de Livros: Melhores Pr\u00e1ticas e Dicas para Autores\t\t\t<\/a>\n\t\t<\/h3>\n\t\t\t\t<\/div>\n\t\t\t\t<div class=\"elementor-post__meta-data\">\n\t\t\t\t\t<span class=\"elementor-post-date\">\n\t\t\t5 de March de 2024\t\t<\/span>\n\t\t\t\t<\/div>\n\t\t\t\t\t<\/div>\n\t\t<\/article>\n\t\t\t\t<article class=\"elementor-post elementor-grid-item post-1077 post type-post status-publish format-standard has-post-thumbnail hentry category-blog\">\n\t\t\t<div class=\"elementor-post__card\">\n\t\t\t\t<a class=\"elementor-post__thumbnail__link\" href=\"https:\/\/proximospassos.com.br\/?p=1077\" tabindex=\"-1\" ><div class=\"elementor-post__thumbnail\"><img decoding=\"async\" width=\"768\" height=\"512\" src=\"https:\/\/proximospassos.com.br\/wp-content\/uploads\/2024\/03\/7155205-768x512.jpg\" class=\"attachment-medium_large size-medium_large wp-image-1096\" alt=\"\" srcset=\"https:\/\/proximospassos.com.br\/wp-content\/uploads\/2024\/03\/7155205-768x512.jpg 768w, https:\/\/proximospassos.com.br\/wp-content\/uploads\/2024\/03\/7155205-300x200.jpg 300w, https:\/\/proximospassos.com.br\/wp-content\/uploads\/2024\/03\/7155205-1024x683.jpg 1024w, https:\/\/proximospassos.com.br\/wp-content\/uploads\/2024\/03\/7155205-1536x1024.jpg 1536w, https:\/\/proximospassos.com.br\/wp-content\/uploads\/2024\/03\/7155205-2048x1365.jpg 2048w, https:\/\/proximospassos.com.br\/wp-content\/uploads\/2024\/03\/7155205-600x400.jpg 600w\" sizes=\"(max-width: 768px) 100vw, 768px\" \/><\/div><\/a>\n\t\t\t\t<div class=\"elementor-post__text\">\n\t\t\t\t<h3 class=\"elementor-post__title\">\n\t\t\t<a href=\"https:\/\/proximospassos.com.br\/?p=1077\" >\n\t\t\t\tSEO para Autores: Como Otimizar Seu Livro e Site para Motores de Busca\t\t\t<\/a>\n\t\t<\/h3>\n\t\t\t\t<\/div>\n\t\t\t\t<div class=\"elementor-post__meta-data\">\n\t\t\t\t\t<span class=\"elementor-post-date\">\n\t\t\t5 de March de 2024\t\t<\/span>\n\t\t\t\t<\/div>\n\t\t\t\t\t<\/div>\n\t\t<\/article>\n\t\t\t\t<article class=\"elementor-post elementor-grid-item post-1075 post type-post status-publish format-standard has-post-thumbnail hentry category-blog\">\n\t\t\t<div class=\"elementor-post__card\">\n\t\t\t\t<a class=\"elementor-post__thumbnail__link\" href=\"https:\/\/proximospassos.com.br\/?p=1075\" tabindex=\"-1\" ><div class=\"elementor-post__thumbnail\"><img decoding=\"async\" width=\"768\" height=\"513\" src=\"https:\/\/proximospassos.com.br\/wp-content\/uploads\/2024\/03\/man-is-writing-signing-paper-focused-hand-with-pen-768x513.jpg\" class=\"attachment-medium_large size-medium_large wp-image-1091\" alt=\"\" srcset=\"https:\/\/proximospassos.com.br\/wp-content\/uploads\/2024\/03\/man-is-writing-signing-paper-focused-hand-with-pen-768x513.jpg 768w, https:\/\/proximospassos.com.br\/wp-content\/uploads\/2024\/03\/man-is-writing-signing-paper-focused-hand-with-pen-300x200.jpg 300w, https:\/\/proximospassos.com.br\/wp-content\/uploads\/2024\/03\/man-is-writing-signing-paper-focused-hand-with-pen-1024x684.jpg 1024w, https:\/\/proximospassos.com.br\/wp-content\/uploads\/2024\/03\/man-is-writing-signing-paper-focused-hand-with-pen-1536x1025.jpg 1536w, https:\/\/proximospassos.com.br\/wp-content\/uploads\/2024\/03\/man-is-writing-signing-paper-focused-hand-with-pen-2048x1367.jpg 2048w, https:\/\/proximospassos.com.br\/wp-content\/uploads\/2024\/03\/man-is-writing-signing-paper-focused-hand-with-pen-600x401.jpg 600w\" sizes=\"(max-width: 768px) 100vw, 768px\" \/><\/div><\/a>\n\t\t\t\t<div class=\"elementor-post__text\">\n\t\t\t\t<h3 class=\"elementor-post__title\">\n\t\t\t<a href=\"https:\/\/proximospassos.com.br\/?p=1075\" >\n\t\t\t\tDesvendando o Ghostwriting: Um Guia Completo para Autores e Curiosos\t\t\t<\/a>\n\t\t<\/h3>\n\t\t\t\t<\/div>\n\t\t\t\t<div class=\"elementor-post__meta-data\">\n\t\t\t\t\t<span class=\"elementor-post-date\">\n\t\t\t5 de March de 2024\t\t<\/span>\n\t\t\t\t<\/div>\n\t\t\t\t\t<\/div>\n\t\t<\/article>\n\t\t\t\t<article class=\"elementor-post elementor-grid-item post-1080 post type-post status-publish format-standard has-post-thumbnail hentry category-blog\">\n\t\t\t<div class=\"elementor-post__card\">\n\t\t\t\t<a class=\"elementor-post__thumbnail__link\" href=\"https:\/\/proximospassos.com.br\/?p=1080\" tabindex=\"-1\" ><div class=\"elementor-post__thumbnail\"><img loading=\"lazy\" decoding=\"async\" width=\"625\" height=\"385\" src=\"https:\/\/proximospassos.com.br\/wp-content\/uploads\/2024\/03\/2-1.png\" class=\"attachment-medium_large size-medium_large wp-image-1192\" alt=\"\" srcset=\"https:\/\/proximospassos.com.br\/wp-content\/uploads\/2024\/03\/2-1.png 625w, https:\/\/proximospassos.com.br\/wp-content\/uploads\/2024\/03\/2-1-300x185.png 300w, https:\/\/proximospassos.com.br\/wp-content\/uploads\/2024\/03\/2-1-600x370.png 600w\" sizes=\"(max-width: 625px) 100vw, 625px\" \/><\/div><\/a>\n\t\t\t\t<div class=\"elementor-post__text\">\n\t\t\t\t<h3 class=\"elementor-post__title\">\n\t\t\t<a href=\"https:\/\/proximospassos.com.br\/?p=1080\" >\n\t\t\t\tComo Publicar Seu Primeiro Livro: Passos Essenciais para Autores Iniciantes\t\t\t<\/a>\n\t\t<\/h3>\n\t\t\t\t<\/div>\n\t\t\t\t<div class=\"elementor-post__meta-data\">\n\t\t\t\t\t<span class=\"elementor-post-date\">\n\t\t\t5 de March de 2024\t\t<\/span>\n\t\t\t\t<\/div>\n\t\t\t\t\t<\/div>\n\t\t<\/article>\n\t\t\t\t<article class=\"elementor-post elementor-grid-item post-1028 post type-post status-publish format-standard has-post-thumbnail hentry category-blog\">\n\t\t\t<div class=\"elementor-post__card\">\n\t\t\t\t<a class=\"elementor-post__thumbnail__link\" href=\"https:\/\/proximospassos.com.br\/?p=1028\" tabindex=\"-1\" ><div class=\"elementor-post__thumbnail\"><img loading=\"lazy\" decoding=\"async\" width=\"768\" height=\"512\" src=\"https:\/\/proximospassos.com.br\/wp-content\/uploads\/2024\/03\/5153245-768x512.jpg\" class=\"attachment-medium_large size-medium_large wp-image-1089\" alt=\"\" srcset=\"https:\/\/proximospassos.com.br\/wp-content\/uploads\/2024\/03\/5153245-768x512.jpg 768w, https:\/\/proximospassos.com.br\/wp-content\/uploads\/2024\/03\/5153245-300x200.jpg 300w, https:\/\/proximospassos.com.br\/wp-content\/uploads\/2024\/03\/5153245-1024x683.jpg 1024w, https:\/\/proximospassos.com.br\/wp-content\/uploads\/2024\/03\/5153245-1536x1024.jpg 1536w, https:\/\/proximospassos.com.br\/wp-content\/uploads\/2024\/03\/5153245-2048x1365.jpg 2048w, https:\/\/proximospassos.com.br\/wp-content\/uploads\/2024\/03\/5153245-600x400.jpg 600w\" sizes=\"(max-width: 768px) 100vw, 768px\" \/><\/div><\/a>\n\t\t\t\t<div class=\"elementor-post__text\">\n\t\t\t\t<h3 class=\"elementor-post__title\">\n\t\t\t<a href=\"https:\/\/proximospassos.com.br\/?p=1028\" >\n\t\t\t\tNavegando pela Transforma\u00e7\u00e3o: O Futuro do Marketing Digital para Autores\t\t\t<\/a>\n\t\t<\/h3>\n\t\t\t\t<\/div>\n\t\t\t\t<div class=\"elementor-post__meta-data\">\n\t\t\t\t\t<span class=\"elementor-post-date\">\n\t\t\t4 de March de 2024\t\t<\/span>\n\t\t\t\t<\/div>\n\t\t\t\t\t<\/div>\n\t\t<\/article>\n\t\t\t\t<article class=\"elementor-post elementor-grid-item post-1074 post type-post status-publish format-standard has-post-thumbnail hentry category-blog\">\n\t\t\t<div class=\"elementor-post__card\">\n\t\t\t\t<a class=\"elementor-post__thumbnail__link\" href=\"https:\/\/proximospassos.com.br\/?p=1074\" tabindex=\"-1\" ><div class=\"elementor-post__thumbnail\"><img loading=\"lazy\" decoding=\"async\" width=\"768\" height=\"512\" src=\"https:\/\/proximospassos.com.br\/wp-content\/uploads\/2024\/03\/9076467-768x512.jpg\" class=\"attachment-medium_large size-medium_large wp-image-1084\" alt=\"\" srcset=\"https:\/\/proximospassos.com.br\/wp-content\/uploads\/2024\/03\/9076467-768x512.jpg 768w, https:\/\/proximospassos.com.br\/wp-content\/uploads\/2024\/03\/9076467-300x200.jpg 300w, https:\/\/proximospassos.com.br\/wp-content\/uploads\/2024\/03\/9076467-1024x683.jpg 1024w, https:\/\/proximospassos.com.br\/wp-content\/uploads\/2024\/03\/9076467-1536x1024.jpg 1536w, https:\/\/proximospassos.com.br\/wp-content\/uploads\/2024\/03\/9076467-2048x1365.jpg 2048w, https:\/\/proximospassos.com.br\/wp-content\/uploads\/2024\/03\/9076467-600x400.jpg 600w\" sizes=\"(max-width: 768px) 100vw, 768px\" \/><\/div><\/a>\n\t\t\t\t<div class=\"elementor-post__text\">\n\t\t\t\t<h3 class=\"elementor-post__title\">\n\t\t\t<a href=\"https:\/\/proximospassos.com.br\/?p=1074\" >\n\t\t\t\tA Import\u00e2ncia da Diagrama\u00e7\u00e3o Profissional na Publica\u00e7\u00e3o de Livros\t\t\t<\/a>\n\t\t<\/h3>\n\t\t\t\t<\/div>\n\t\t\t\t<div class=\"elementor-post__meta-data\">\n\t\t\t\t\t<span class=\"elementor-post-date\">\n\t\t\t5 de March de 2024\t\t<\/span>\n\t\t\t\t<\/div>\n\t\t\t\t\t<\/div>\n\t\t<\/article>\n\t\t\t\t<\/div>\n\t\t\n\t\t\t\t<div class=\"e-load-more-anchor\" data-page=\"1\" data-max-page=\"2\" data-next-page=\"https:\/\/proximospassos.com.br\/index.php?rest_route=%2Fwp%2Fv2%2Fpages%2F1174&#038;paged=2\"><\/div>\n\t\t\t\t<nav class=\"elementor-pagination\" aria-label=\"Pagination\">\n\t\t\t<span aria-current=\"page\" class=\"page-numbers current\"><span class=\"elementor-screen-only\">Page<\/span>1<\/span>\n<a class=\"page-numbers\" href=\"https:\/\/proximospassos.com.br\/index.php\/?paged=2&#038;rest_route=%2Fwp%2Fv2%2Fpages%2F1174\"><span class=\"elementor-screen-only\">Page<\/span>2<\/a>\t\t<\/nav>\n\t\t\t\t\t\t<\/div>\n\t\t\t\t<\/div>\n\t\t\t\t\t<\/div>\n\t\t\t\t<\/div>\n\t\t\t\t<\/div>\n\t\t","protected":false},"excerpt":{"rendered":"","protected":false},"author":1,"featured_media":0,"parent":0,"menu_order":0,"comment_status":"closed","ping_status":"closed","template":"elementor_header_footer","meta":{"footnotes":""},"jetpack_sharing_enabled":true,"_links":{"self":[{"href":"https:\/\/proximospassos.com.br\/index.php?rest_route=\/wp\/v2\/pages\/1174"}],"collection":[{"href":"https:\/\/proximospassos.com.br\/index.php?rest_route=\/wp\/v2\/pages"}],"about":[{"href":"https:\/\/proximospassos.com.br\/index.php?rest_route=\/wp\/v2\/types\/page"}],"author":[{"embeddable":true,"href":"https:\/\/proximospassos.com.br\/index.php?rest_route=\/wp\/v2\/users\/1"}],"replies":[{"embeddable":true,"href":"https:\/\/proximospassos.com.br\/index.php?rest_route=%2Fwp%2Fv2%2Fcomments&post=1174"}],"version-history":[{"count":7,"href":"https:\/\/proximospassos.com.br\/index.php?rest_route=\/wp\/v2\/pages\/1174\/revisions"}],"predecessor-version":[{"id":1182,"href":"https:\/\/proximospassos.com.br\/index.php?rest_route=\/wp\/v2\/pages\/1174\/revisions\/1182"}],"wp:attachment":[{"href":"https:\/\/proximospassos.com.br\/index.php?rest_route=%2Fwp%2Fv2%2Fmedia&parent=1174"}],"curies":[{"name":"wp","href":"https:\/\/api.w.org\/{rel}","templated":true}]}}